{"id":17912,"date":"2021-05-11T12:38:34","date_gmt":"2021-05-11T04:38:34","guid":{"rendered":"https:\/\/www2.weiling-gallery.com\/gallery\/?page_id=17912"},"modified":"2026-02-20T17:10:34","modified_gmt":"2026-02-20T09:10:34","slug":"about","status":"publish","type":"page","link":"https:\/\/weiling-gallery.com\/gallery\/about\/","title":{"rendered":"ABOUT"},"content":{"rendered":"<div id='av_section_1'  class='avia-section av-gulmd14-3336e51d90d1db2a7af83373fa0ef81f main_color avia-section-default avia-no-shadow  avia-builder-el-0  el_before_av_one_half  avia-builder-el-first  avia-bg-style-scroll  container_wrap fullsize'  ><div class='container av-section-cont-open' ><main  role=\"main\" itemprop=\"mainContentOfPage\"  class='template-page content  av-content-full alpha units'><div class='post-entry post-entry-type-page post-entry-17912'><div class='entry-content-wrapper clearfix'>\n<div class='flex_column av-gey7va0-404ac97ff0b36002e4469ea6b4d47f42 av_one_full  avia-builder-el-1  avia-builder-el-no-sibling  first flex_column_div '   ><section class=\"av_textblock_section \"  itemscope=\"itemscope\" itemtype=\"https:\/\/schema.org\/CreativeWork\" ><div class='avia_textblock  '  style='font-size:14px; '  itemprop=\"text\" ><h2 class=\"style22\" style=\"text-align: justify;\">ABOUT<\/h2>\n<p style=\"text-align: justify;\">Wei-Ling Gallery was founded in 2002 by Lim Wei-Ling with the ambition to nurture the development of Malaysia\u2019s contemporary art scene. The flagship gallery is housed within a heritage shophouse that was ravaged by a fire in 2004. The unique interior is an installation unto itself, having been designed by renowned Malaysian architect, Professor Jimmy CS Lim. In 2011, the gallery expanded with its second space, Wei-Ling Contemporary, dedicated to showcase special projects and more experimental art forms. With two art spaces in Kuala Lumpur, it establishes itself as the largest commercial gallery in Malaysia.<\/p>\n<p style=\"text-align: justify;\">The galleries\u2019 positions have been achieved through ambitious, diversified and contextual curatorial projects and programming. Wei-Ling Galleries have repeatedly presented Malaysian contemporary art to international audiences, simultaneously representing a selection of widely-acclaimed local and international artists. Our exhibitions are free and open to all as a space for public imagination and inquiry.<\/p>\n<p style=\"text-align: justify;\">In its continuous efforts of cultivating the local contemporary art scene, Wei-Ling Gallery is also one of the most prolific publishers of art publications in the country, valuing the importance of archiving. The gallery\u2019s publishing activity encourages an appreciation for contemporary art with a backlist of monographs, artists\u2019 books, and exhibition catalogues which highlights the often-overlooked characteristics of an artist\u2019s practice.<\/p>\n<p style=\"text-align: justify;\">The gallery\u2019s mission comes from the founder\u2019s intentions, as well as, from ongoing national and global reflection on what the purpose of a private art gallery is in contemporary society. We aim to:<\/p>\n<p style=\"text-align: justify;\"><span style=\"color: #333333;\"><strong>Encourage passion in the arts (understanding and engagement of art; and art collecting)<\/strong><\/span><br \/>\nWe are committed to art accessibility, engagement and art education which underpin the varied, year-round programming at Wei-Ling Galleries that entails exhibitions, webinars, artist talks and innovative workshops for a wide range of ages and target audiences.<\/p>\n<p style=\"text-align: justify;\">In 2021, we launched our podcast channel \u2018<a href=\"https:\/\/linktr.ee\/weiling_gallery\">Wei-Ling Gallery Podcast<\/a>\u2019 which delves deep into different art questions, getting insights from artists, curators and creative practitioners, and sharing our own art world experiences to offer an answer. We also presented \u2018<em>100 Pieces: Art for All<\/em>\u2019 which aimed to reevaluate the misconception that art collecting is for the elite few and hopes to make art collecting more accessible to the wider public.<\/p>\n<p style=\"text-align: justify;\"><span style=\"color: #333333;\"><strong>Nurture development of Malaysian contemporary art scene to an international level<\/strong><\/span><br \/>\nIn a concerted effort to push the boundaries of art engagement, the gallery\u2019s programme now incorporates more experimental art forms, site-specific projects and installations. In 2018, the exhibition \u2018<em>Seen<\/em>\u2019 at Wei-Ling Contemporary brought together some of the important names from the art world featuring works by Ahmet \u00d6\u011f\u00fct, Roger Ballen, Viktoria Binschtok among others.<\/p>\n<p style=\"text-align: justify;\">For 20 years, the gallery has taken major exhibitions of Malaysian art to China, India, Pakistan, Singapore, Taipei and Hong Kong. In 2019, Wei-Ling Galleries played a role in the presentation of Malaysia\u2019s inaugural national pavilion at the 58th International Art Exhibition &#8211; La Biennale di Venezia (Venice Biennale). The pavilion was commissioned by the National Gallery of Malaysia under the auspice of the Ministry of Tourism, Arts and Culture, and supported by generous patrons and sponsors of the arts in Malaysia (Creador Foundation, BRDB and Seeing Eye Films).<\/p>\n<p style=\"text-align: justify;\"><a href=\"https:\/\/weiling-gallery.com\/gallery\/wlg-incubator\/\"><span style=\"color: #333333;\"><strong>Identify and support the next generation of Malaysian artists<\/strong><\/span><\/a><br \/>\nLaunched in 2020, our gallery programme WLG Incubator identifies the next generation of Malaysian artists, by bringing together the opportunity for them to be advised and guided by an established artist. WLG Incubator also aims to highlight and encourage project collaborations with emerging Malaysian artists, helping them develop a practice that is authentic, experimental and progressive.<\/p>\n<p style=\"text-align: justify;\"><span style=\"color: #333333;\"><strong>Spark awareness through art<\/strong><\/span><br \/>\nOur gallery\u2019s curatorial projects at Wei-Ling Contemporary which are based on thematic, conceptual or formal approaches often showcase practices of art and activism. Through exhibition-making as a methodology, we hope that contemporary art could be a more effective and affective tool in bringing about social change.<\/p>\n<p style=\"text-align: justify;\"><a href=\"https:\/\/weiling-gallery.com\/gallery\/portfolio-item\/csr\/\"><span style=\"color: #333333;\"><strong>Philanthropy<\/strong><\/span><\/a><br \/>\nBelieving in the importance of giving back to the community, Wei-Ling Galleries have collaborated with different artists and stakeholders to host art programmes as a means to support charitable causes and create new opportunities for audiences to engage with art. At the end of 2020 alongside Volkswagen Passenger Cars Malaysia (VPCM), we successfully raised RM133,200 from the Arteon Charity Auction. The funds were channelled to the Breast Cancer Welfare Association Malaysia (BCWA), with a minimum token of appreciation presented to each artist for their contribution. The 18@8 exhibitions at Wei-Ling Gallery saw the gallery collaborate with artists and brands such as FURLA and Absolut to raise funds for Society for the Prevention of Cruelty to Animals (SPCA) and Animal Concerns Research and Education Society (ACRES).<\/p>\n<\/div><\/section><\/div>\n<\/div><\/div><\/main><!-- close content main element --><\/div><\/div><div id='after_section_1'  class='main_color av_default_container_wrap container_wrap fullsize'  ><div class='container av-section-cont-open' ><div class='template-page content  av-content-full alpha units'><div class='post-entry post-entry-type-page post-entry-17912'><div class='entry-content-wrapper clearfix'>\n<div class='flex_column av-fidzibc-97088fc161f393e5c3e50ed3ad6d6948 av_one_half  avia-builder-el-3  el_after_av_section  el_before_av_one_half  avia-builder-el-first  first flex_column_div '   ><section class=\"av_textblock_section \"  itemscope=\"itemscope\" itemtype=\"https:\/\/schema.org\/CreativeWork\" ><div class='avia_textblock  '  style='font-size:14px; '  itemprop=\"text\" ><h2 class=\"style22\" style=\"text-align: justify;\">Wei-Ling Gallery<\/h2>\n<p><span style=\"color: #333333;\"><a style=\"color: #333333;\" href=\"https:\/\/weiling-gallery.com\/gallery\/getting-here\/\" target=\"_blank\" rel=\"noopener\">Getting here<\/a><\/span><\/p>\n<p><span style=\"color: #333333;\"><a style=\"color: #333333;\" href=\"https:\/\/weiling-gallery.com\/gallery\/?p=13711\" target=\"_blank\" rel=\"noopener\">Gallery Photos<\/a><\/span><\/p>\n<\/div><\/section><\/div>\n<div class='flex_column av-ens6q7s-5034260522b56d18db89462926b14e55 av_one_half  avia-builder-el-5  el_after_av_one_half  el_before_av_textblock  flex_column_div '   ><section class=\"av_textblock_section \"  itemscope=\"itemscope\" itemtype=\"https:\/\/schema.org\/CreativeWork\" ><div class='avia_textblock  '  style='font-size:14px; '  itemprop=\"text\" ><h2 class=\"style22\" style=\"text-align: justify;\">Wei-Ling Contemporary [relocated back to Wei-Ling Gallery]<\/h2>\n<p><span style=\"color: #333333;\"><a style=\"color: #333333;\" title=\"WLC Gallery Space\" href=\"https:\/\/weiling-gallery.com\/gallery\/portfolio-item\/wlc-gallery-space\/\" target=\"_blank\" rel=\"noopener\">Gallery Photos<\/a><\/span><\/p>\n<\/div><\/section><\/div>\n<section class=\"av_textblock_section \"  itemscope=\"itemscope\" itemtype=\"https:\/\/schema.org\/CreativeWork\" ><div class='avia_textblock  '   itemprop=\"text\" ><div style=\"font-size: 14px; line-height: 24px; color: #666666;\">\n<h2 class=\"style22\">OUR TEAM<\/h2>\n<\/div>\n<\/div><\/section>\n<div class='flex_column av-bnb4lfc-5ba77fa297039ee95a75d991dedd9714 av_one_fourth  avia-builder-el-8  el_after_av_textblock  el_before_av_one_fourth  first flex_column_div column-top-margin'   ><section class='avia-team-member   avia-builder-el-9  el_before_av_textblock  avia-builder-el-first '  itemscope=\"itemscope\" itemtype=\"https:\/\/schema.org\/Person\" ><div class='team-img-container'><img decoding=\"async\" width=\"300\" height=\"300\" class='wp-image-20595 avia-img-lazy-loading-not-20595 avia_image avia_image_team' src=\"https:\/\/weiling-gallery.com\/gallery\/wp-content\/uploads\/2022\/11\/Lim-Wei-Ling-300x300.jpg\" alt='LIM Wei-Ling'  itemprop=\"image\" srcset=\"https:\/\/weiling-gallery.com\/gallery\/wp-content\/uploads\/2022\/11\/Lim-Wei-Ling-300x300.jpg 300w, https:\/\/weiling-gallery.com\/gallery\/wp-content\/uploads\/2022\/11\/Lim-Wei-Ling-80x80.jpg 80w, https:\/\/weiling-gallery.com\/gallery\/wp-content\/uploads\/2022\/11\/Lim-Wei-Ling-768x768.jpg 768w, https:\/\/weiling-gallery.com\/gallery\/wp-content\/uploads\/2022\/11\/Lim-Wei-Ling-36x36.jpg 36w, https:\/\/weiling-gallery.com\/gallery\/wp-content\/uploads\/2022\/11\/Lim-Wei-Ling-180x180.jpg 180w, https:\/\/weiling-gallery.com\/gallery\/wp-content\/uploads\/2022\/11\/Lim-Wei-Ling-705x705.jpg 705w, https:\/\/weiling-gallery.com\/gallery\/wp-content\/uploads\/2022\/11\/Lim-Wei-Ling.jpg 943w\" sizes=\"(max-width: 300px) 100vw, 300px\" \/><\/div><h3 class='team-member-name'    itemprop=\"name\" >LIM Wei-Ling<\/h3><div class='team-member-job-title '   itemprop=\"jobTitle\" >Gallery Director<\/div><span class='hidden team-member-affiliation'  itemprop=\"affiliation\" >Wei-Ling Gallery<\/span><\/section><br \/>\n<section class=\"av_textblock_section \"  itemscope=\"itemscope\" itemtype=\"https:\/\/schema.org\/CreativeWork\" ><div class='avia_textblock  '  style='font-size:14px; '  itemprop=\"text\" ><p style=\"text-align: left;\">Lim Wei-Ling founded Wei-Ling Gallery and Wei-Ling Contemporary in 2002 and 2011 respectively. A jewellery designer and art history major by training, she has been duly recognised for her contribution and efforts towards the development of the Malaysian art scene, through numerous awards and nominations. In 2018, she was appointed by Malaysia\u2019s Ministry of Tourism, Arts and Culture (MOTAC) to curate and spearhead the country\u2019s first pavilion at \u2018The 58th La Biennale di Venezia (Venice Biennale)\u2019.<\/p>\n<\/div><\/section><\/div>\n<div class='flex_column av-acmqrnc-f7d64ae4f3ffc2733268e0fff72cc61d av_one_fourth  avia-builder-el-11  el_after_av_one_fourth  el_before_av_one_fourth  flex_column_div column-top-margin'   ><section class='avia-team-member   avia-builder-el-12  el_before_av_textblock  avia-builder-el-first '  itemscope=\"itemscope\" itemtype=\"https:\/\/schema.org\/Person\" ><div class='team-img-container'><img decoding=\"async\" width=\"300\" height=\"300\" class='wp-image-17970 avia-img-lazy-loading-not-17970 avia_image avia_image_team' src=\"https:\/\/weiling-gallery.com\/gallery\/wp-content\/uploads\/2021\/05\/MG_0844-22-300x300.jpg\" alt='LIM Siew Boon'  itemprop=\"image\" srcset=\"https:\/\/weiling-gallery.com\/gallery\/wp-content\/uploads\/2021\/05\/MG_0844-22-300x300.jpg 300w, https:\/\/weiling-gallery.com\/gallery\/wp-content\/uploads\/2021\/05\/MG_0844-22-80x80.jpg 80w, https:\/\/weiling-gallery.com\/gallery\/wp-content\/uploads\/2021\/05\/MG_0844-22-1030x1030.jpg 1030w, https:\/\/weiling-gallery.com\/gallery\/wp-content\/uploads\/2021\/05\/MG_0844-22-36x36.jpg 36w, https:\/\/weiling-gallery.com\/gallery\/wp-content\/uploads\/2021\/05\/MG_0844-22-180x180.jpg 180w, https:\/\/weiling-gallery.com\/gallery\/wp-content\/uploads\/2021\/05\/MG_0844-22-1500x1500.jpg 1500w, https:\/\/weiling-gallery.com\/gallery\/wp-content\/uploads\/2021\/05\/MG_0844-22-705x705.jpg 705w, https:\/\/weiling-gallery.com\/gallery\/wp-content\/uploads\/2021\/05\/MG_0844-22-120x120.jpg 120w, https:\/\/weiling-gallery.com\/gallery\/wp-content\/uploads\/2021\/05\/MG_0844-22-450x450.jpg 450w, https:\/\/weiling-gallery.com\/gallery\/wp-content\/uploads\/2021\/05\/MG_0844-22.jpg 1887w\" sizes=\"(max-width: 300px) 100vw, 300px\" \/><\/div><h3 class='team-member-name'    itemprop=\"name\" >LIM Siew Boon<\/h3><div class='team-member-job-title '   itemprop=\"jobTitle\" >Gallery Manager<\/div><span class='hidden team-member-affiliation'  itemprop=\"affiliation\" >Wei-Ling Gallery<\/span><\/section><br \/>\n<section class=\"av_textblock_section \"  itemscope=\"itemscope\" itemtype=\"https:\/\/schema.org\/CreativeWork\" ><div class='avia_textblock  '  style='font-size:14px; '  itemprop=\"text\" ><p class=\"p1\" style=\"text-align: left;\">Siew Boon (she\/her) has over a decade of experience in arts management and has been involved in the production of various art exhibitions in Malaysia and internationally. From arts administration to logistics, she oversees the gallery\u2019s artwork inventory and liaises with a diverse range of internal and external stakeholders. She holds a Diploma in Fine Art from Dasein Academy of Art, Kuala Lumpur.<\/p>\n<p style=\"text-align: left;\">siewboon@weiling-gallery.com<\/p>\n<\/div><\/section><\/div>\n<div class='flex_column av-lqt3zs-411d7b3670e4dccb942f917e437b7036 av_one_fourth  avia-builder-el-14  el_after_av_one_fourth  el_before_av_hr  flex_column_div column-top-margin'   ><section class='avia-team-member   avia-builder-el-15  el_before_av_textblock  avia-builder-el-first '  itemscope=\"itemscope\" itemtype=\"https:\/\/schema.org\/Person\" ><div class='team-img-container'><img decoding=\"async\" width=\"300\" height=\"300\" class='wp-image-23389 avia-img-lazy-loading-not-23389 avia_image avia_image_team' src=\"https:\/\/weiling-gallery.com\/gallery\/wp-content\/uploads\/2024\/06\/WhatsApp-Image-2024-06-22-at-12.04.08-300x300.jpeg\" alt='Mikhail VANAN'  itemprop=\"image\" srcset=\"https:\/\/weiling-gallery.com\/gallery\/wp-content\/uploads\/2024\/06\/WhatsApp-Image-2024-06-22-at-12.04.08-300x300.jpeg 300w, https:\/\/weiling-gallery.com\/gallery\/wp-content\/uploads\/2024\/06\/WhatsApp-Image-2024-06-22-at-12.04.08-1030x1030.jpeg 1030w, https:\/\/weiling-gallery.com\/gallery\/wp-content\/uploads\/2024\/06\/WhatsApp-Image-2024-06-22-at-12.04.08-80x80.jpeg 80w, https:\/\/weiling-gallery.com\/gallery\/wp-content\/uploads\/2024\/06\/WhatsApp-Image-2024-06-22-at-12.04.08-768x768.jpeg 768w, https:\/\/weiling-gallery.com\/gallery\/wp-content\/uploads\/2024\/06\/WhatsApp-Image-2024-06-22-at-12.04.08-1536x1536.jpeg 1536w, https:\/\/weiling-gallery.com\/gallery\/wp-content\/uploads\/2024\/06\/WhatsApp-Image-2024-06-22-at-12.04.08-2048x2048.jpeg 2048w, https:\/\/weiling-gallery.com\/gallery\/wp-content\/uploads\/2024\/06\/WhatsApp-Image-2024-06-22-at-12.04.08-36x36.jpeg 36w, https:\/\/weiling-gallery.com\/gallery\/wp-content\/uploads\/2024\/06\/WhatsApp-Image-2024-06-22-at-12.04.08-180x180.jpeg 180w, https:\/\/weiling-gallery.com\/gallery\/wp-content\/uploads\/2024\/06\/WhatsApp-Image-2024-06-22-at-12.04.08-1500x1500.jpeg 1500w, https:\/\/weiling-gallery.com\/gallery\/wp-content\/uploads\/2024\/06\/WhatsApp-Image-2024-06-22-at-12.04.08-705x705.jpeg 705w\" sizes=\"(max-width: 300px) 100vw, 300px\" \/><\/div><h3 class='team-member-name'    itemprop=\"name\" >Mikhail VANAN<\/h3><div class='team-member-job-title '   itemprop=\"jobTitle\" >Gallery Associate<\/div><span class='hidden team-member-affiliation'  itemprop=\"affiliation\" >Wei-Ling Gallery<\/span><\/section><br \/>\n<section class=\"av_textblock_section \"  itemscope=\"itemscope\" itemtype=\"https:\/\/schema.org\/CreativeWork\" ><div class='avia_textblock  '  style='font-size:14px; '  itemprop=\"text\" ><p class=\"p1\" style=\"text-align: left;\">Mikhail Vanan (he\/him) is a creative with a background in Mass Communications and Eng. Literature. Since joining the gallery, he has worked on numerous local and international art exhibitions, specialising in curatorial walkthroughs, press, writing and content creation. Beyond the gallery, he is a digital illustrator commissioned by top motorsports teams, including Red Bull Racing and DS Techeetah.<\/p>\n<p style=\"text-align: left;\">mikhail@weiling-gallery.com<\/p>\n<\/div><\/section><\/div>\n\n<style type=\"text\/css\" data-created_by=\"avia_inline_auto\" id=\"style-css-av-61fr2wo-a7a45b4682b12720b2b9c8613ac2961b\">\n#top .hr.hr-invisible.av-61fr2wo-a7a45b4682b12720b2b9c8613ac2961b{\nheight:70px;\n}\n<\/style>\n<div  class='hr av-61fr2wo-a7a45b4682b12720b2b9c8613ac2961b hr-invisible  avia-builder-el-17  el_after_av_one_fourth  el_before_av_font_icon  '><span class='hr-inner '><span class=\"hr-inner-style\"><\/span><\/span><\/div>\n\n<style type=\"text\/css\" data-created_by=\"avia_inline_auto\" id=\"style-css-av-5xminyw-8ab3b119ec35e126e32b86bfe18382b4\">\n.av_font_icon.av-5xminyw-8ab3b119ec35e126e32b86bfe18382b4 .av-icon-char{\nfont-size:20px;\nline-height:20px;\n}\n<\/style>\n<span  class=\"av_font_icon av-5xminyw-8ab3b119ec35e126e32b86bfe18382b4 avia_animate_when_visible av-icon-style- avia-icon-pos-center av-no-color avia-icon-animate \"><a href='https:\/\/linktr.ee\/weiling_gallery' target=\"_blank\" rel=\"noopener noreferrer\" class='av-icon-char' aria-hidden='true' data-av_icon='\ue822' data-av_iconfont='entypo-fontello' data-avia-icon-tooltip=\"&lt;br \/&gt;\nlinktr.ee&lt;br \/&gt;\n\"><\/a><\/span>\n\n<style type=\"text\/css\" data-created_by=\"avia_inline_auto\" id=\"style-css-av-idpjjs-095165c91766c57c5f4421163962c3fe\">\n#top .hr.hr-invisible.av-idpjjs-095165c91766c57c5f4421163962c3fe{\nheight:70px;\n}\n<\/style>\n<div  class='hr av-idpjjs-095165c91766c57c5f4421163962c3fe hr-invisible  avia-builder-el-19  el_after_av_font_icon  el_before_av_contact  '><span class='hr-inner '><span class=\"hr-inner-style\"><\/span><\/span><\/div>\n<form action=\"https:\/\/weiling-gallery.com\/gallery\/about\/\" method=\"post\"  class=\"avia_ajax_form av-form-labels-visible   avia-builder-el-20  el_after_av_hr  el_before_av_section  avia-builder-el-last  av-custom-form-color av-dark-form \" data-avia-form-id=\"1\" data-avia-redirect='' ><h3 class=''>JOIN OUR MAILING LIST<\/h3><fieldset><p class='  first_form  form_element form_element_fourth' id='element_avia_1_1'><label for=\"avia_1_1\">Name <abbr class=\"required\" title=\"required\">*<\/abbr><\/label> <input name=\"avia_1_1\" class=\"text_input is_empty\" type=\"text\" id=\"avia_1_1\" value=\"\" \/><\/p><p class='  form_element form_element_fourth av-last-visible-form-element' id='element_avia_2_1'><label for=\"avia_2_1\">Email <abbr class=\"required\" title=\"required\">*<\/abbr><\/label> <input name=\"avia_2_1\" class=\"text_input is_email\" type=\"text\" id=\"avia_2_1\" value=\"\" \/><\/p><p class=\"hidden\"><input type=\"text\" name=\"avia_3_1\" class=\"hidden \" id=\"avia_3_1\" value=\"\" \/><\/p><p class=\"form_element form_element_half modified_width\"><input type=\"hidden\" value=\"1\" name=\"avia_generated_form1\" \/><input type=\"submit\" value=\"SUBSCRIBE\" class=\"button\"  data-sending-label=\"Sending\"\/><\/p><\/fieldset><\/form><div id=\"ajaxresponse_1\" class=\"ajaxresponse ajaxresponse_1 hidden\"><\/div>\n<\/div><\/div><\/div><!-- close content main div --><\/div><\/div><div id='av_section_2'  class='avia-section av-bulgrc-e12eac51302055333e26fb253228a7a2 main_color avia-section-default avia-no-shadow  avia-builder-el-21  el_after_av_contact  avia-builder-el-last  avia-bg-style-scroll  container_wrap fullsize'  ><div class='container av-section-cont-open' ><div class='template-page content  av-content-full alpha units'><div class='post-entry post-entry-type-page post-entry-17912'><div class='entry-content-wrapper clearfix'>\n<div class='flex_column av-2u74ijc-d129f836f0c6ea4140da9d068085473d av_one_third  avia-builder-el-22  el_before_av_one_third  avia-builder-el-first  first flex_column_div '   ><section class=\"av_textblock_section \"  itemscope=\"itemscope\" itemtype=\"https:\/\/schema.org\/CreativeWork\" ><div class='avia_textblock  '  style='font-size:14px; '  itemprop=\"text\" ><h3 class=\"style22\" style=\"text-align: justify;\"><span style=\"color: #333333;\"><a style=\"color: #333333;\" href=\"https:\/\/weiling-gallery.com\/gallery\/\" target=\"_blank\" rel=\"noopener\">WEI-LING GALLERY<\/a><\/span><\/h3>\n<p style=\"text-align: left;\">8 JALAN SCOTT, BRICKFIELDS<br \/>\n50470 KUALA LUMPUR, MALAYSIA<\/p>\n<p>T +603 2260 1106<br \/>\nE info@weiling-gallery.com<\/p>\n<p>OPENING HOURS<br \/>\nTUESDAY &#8211; FRIDAY 10AM-6PM<br \/>\nSATURDAY 10AM-5PM<br \/>\nCLOSED ON SUNDAYS, MONDAYS &amp; PUBLIC HOLIDAYS<br \/>\n[BY APPOINTMENT ONLY]<\/p>\n<\/div><\/section><\/div><div class='flex_column av-1xvpdbs-42c11700642a762cde1733e1890ffeed av_one_third  avia-builder-el-24  el_after_av_one_third  el_before_av_one_third  flex_column_div '   ><section class=\"av_textblock_section \"  itemscope=\"itemscope\" itemtype=\"https:\/\/schema.org\/CreativeWork\" ><div class='avia_textblock  '  style='font-size:14px; '  itemprop=\"text\" ><h3 class=\"style22\" style=\"text-align: justify;\"><span style=\"color: #333333;\"><a style=\"color: #333333;\" href=\"http:\/\/weiling-gallery.com\/contemporary\/\">WEI-LING&nbsp;CONTEMPORARY<\/a><\/span><\/h3>\n<p style=\"text-align: left;\">RELOCATED BACK TO 2ND FLOOR, WEI-LING GALLERY ANNEXE@BRICKFIELDS AS OF DECEMBER 2021.<\/p>\n<\/div><\/section><\/div><div class='flex_column av-156bamw-e6b18f38a8a09152c0e2a023d4ae7879 av_one_third  avia-builder-el-26  el_after_av_one_third  avia-builder-el-last  flex_column_div '   ><section class=\"av_textblock_section \"  itemscope=\"itemscope\" itemtype=\"https:\/\/schema.org\/CreativeWork\" ><div class='avia_textblock  '  style='font-size:14px; '  itemprop=\"text\" ><h3 class=\"style22\" style=\"text-align: justify;\"><span style=\"color: #333333;\">WLG@VICTORY ANNEXE<\/span><\/h3>\n<p><em>CLOSED WITH EFFECT AS OF 1 SEPTEMBER 2016.<\/em><\/p>\n<p style=\"text-align: justify;\">&nbsp;<\/p>\n<\/div><\/section><\/div>\n","protected":false},"excerpt":{"rendered":"ABOUT Wei-Ling Gallery was founded in 2002 by Lim Wei-Ling with the ambition to nurture the development of Malaysia\u2019s contemporary art scene. The flagship gallery is housed within a heritage shophouse that was ravaged by a fire in 2004. The unique interior is an installation unto itself, having been designed by renowned Malaysian architect, Professor [...]","protected":false},"author":2,"featured_media":0,"parent":0,"menu_order":0,"comment_status":"open","ping_status":"closed","template":"","meta":{"ngg_post_thumbnail":0,"footnotes":""},"class_list":["post-17912","page","type-page","status-publish","hentry"],"_links":{"self":[{"href":"https:\/\/weiling-gallery.com\/gallery\/wp-json\/wp\/v2\/pages\/17912","targetHints":{"allow":["GET"]}}],"collection":[{"href":"https:\/\/weiling-gallery.com\/gallery\/wp-json\/wp\/v2\/pages"}],"about":[{"href":"https:\/\/weiling-gallery.com\/gallery\/wp-json\/wp\/v2\/types\/page"}],"author":[{"embeddable":true,"href":"https:\/\/weiling-gallery.com\/gallery\/wp-json\/wp\/v2\/users\/2"}],"replies":[{"embeddable":true,"href":"https:\/\/weiling-gallery.com\/gallery\/wp-json\/wp\/v2\/comments?post=17912"}],"version-history":[{"count":127,"href":"https:\/\/weiling-gallery.com\/gallery\/wp-json\/wp\/v2\/pages\/17912\/revisions"}],"predecessor-version":[{"id":26613,"href":"https:\/\/weiling-gallery.com\/gallery\/wp-json\/wp\/v2\/pages\/17912\/revisions\/26613"}],"wp:attachment":[{"href":"https:\/\/weiling-gallery.com\/gallery\/wp-json\/wp\/v2\/media?parent=17912"}],"curies":[{"name":"wp","href":"https:\/\/api.w.org\/{rel}","templated":true}]}}